{"id":1507,"date":"2024-03-15T00:43:49","date_gmt":"2024-03-15T03:43:49","guid":{"rendered":"https:\/\/tintaventura.com\/flash\/?page_id=1507"},"modified":"2024-03-21T21:33:03","modified_gmt":"2024-03-22T00:33:03","slug":"politica-de-privacidad","status":"publish","type":"page","link":"https:\/\/tintaventura.com\/flash\/politica-de-privacidad\/","title":{"rendered":"Pol\u00edtica de Privacidad"},"content":{"rendered":"<div id=\"tdi_1\" class=\"tdc-zone\"><div class=\"tdc_zone tdi_2  wpb_row td-pb-row\"  >\n<style scoped>\n\/* custom css - generated by TagDiv Composer *\/\n\n\/* custom css - generated by TagDiv Composer *\/\n\/* custom css - generated by TagDiv Composer *\/\n.tdi_2{\r\n                    min-height: 0;\r\n                }\n<\/style><div id=\"tdi_3\" class=\"tdc-row\"><div class=\"vc_row tdi_4  wpb_row td-pb-row\" >\n<style scoped>\n\/* custom css - generated by TagDiv Composer *\/\n\n\/* custom css - generated by TagDiv Composer *\/\n\/* custom css - generated by TagDiv Composer *\/\n.tdi_4,\r\n                .tdi_4 .tdc-columns{\r\n                    min-height: 0;\r\n                }.tdi_4,\r\n\t\t\t\t.tdi_4 .tdc-columns{\r\n\t\t\t\t    display: block;\r\n\t\t\t\t}.tdi_4 .tdc-columns{\r\n\t\t\t\t    width: 100%;\r\n\t\t\t\t}\n<\/style><div class=\"vc_column tdi_6  wpb_column vc_column_container tdc-column td-pb-span12\">\n<style scoped>\n\/* custom css - generated by TagDiv Composer *\/\n\n\/* custom css - generated by TagDiv Composer *\/\n\/* custom css - generated by TagDiv Composer *\/\n.tdi_6{\r\n                    vertical-align: baseline;\r\n                }.tdi_6 > .wpb_wrapper,\r\n\t\t\t\t.tdi_6 > .wpb_wrapper > .tdc-elements{\r\n\t\t\t\t    display: block;\r\n\t\t\t\t}.tdi_6 > .wpb_wrapper > .tdc-elements{\r\n\t\t\t\t    width: 100%;\r\n\t\t\t\t}.tdi_6 > .wpb_wrapper > .vc_row_inner{\r\n\t\t\t\t    width: auto;\r\n\t\t\t\t}.tdi_6 > .wpb_wrapper{\r\n\t\t\t\t    width: auto;\r\n\t\t\t\t    height: auto;\r\n\t\t\t\t}\n<\/style><div class=\"wpb_wrapper\" ><div class=\"wpb_wrapper wpb_text_column td_block_wrap td_block_wrap vc_column_text tdi_7  tagdiv-type td-pb-border-top td_block_template_1 tdc-no-posts\"  data-td-block-uid=\"tdi_7\" >\n<style>\n\n\/* inline tdc_css att - generated by TagDiv Composer *\/\n\n.tdi_7{\nmargin-top:30px !important;\n}\n\n<\/style>\n<style>\n\/* custom css - generated by TagDiv Composer *\/\n\/* custom css - generated by TagDiv Composer *\/\n.tdi_7,\r\n                .tdi_7 p{\r\n\t\t\t        font-family:Lexend Deca !important;\r\n\t\t        }.tdi_7 h1{\r\n\t\t\t        font-family:Lexend Deca !important;\r\n\t\t        }.tdi_7 h2{\r\n\t\t\t        font-family:Lexend Deca !important;\r\n\t\t        }.tdi_7 h3{\r\n\t\t\t        font-family:Lexend Deca !important;\r\n\t\t        }.tdi_7 h4{\r\n\t\t\t        font-family:Lexend Deca !important;\r\n\t\t        }\n<\/style><div class=\"td-block-title-wrap\"><\/div><div class=\"td-fix-index\"><h1><strong>Pol\u00edtica de Privacidad<\/strong><\/h1>\n<p><span style=\"font-weight: 400;\">Bienvenido a Tintaventura.com, tu destino para explorar y adquirir libros digitales en l\u00ednea. Valoramos la privacidad y seguridad de nuestros usuarios y nos comprometemos a proteger la informaci\u00f3n personal proporcionada mientras navegas y compras en nuestra plataforma.<\/span><\/p>\n<h4><span style=\"font-weight: 400;\">1. Informaci\u00f3n que recopilamos<\/span><\/h4>\n<ul>\n<li style=\"font-weight: 400;\" aria-level=\"1\"><span style=\"font-weight: 400;\">Informaci\u00f3n proporcionada por el usuario: Recopilamos informaci\u00f3n personal como nombre, direcci\u00f3n de correo electr\u00f3nico, informaci\u00f3n de contacto, y detalles de pago cuando te registras en nuestra p\u00e1gina o realizas una compra.<\/span><\/li>\n<li style=\"font-weight: 400;\" aria-level=\"1\"><span style=\"font-weight: 400;\">Informaci\u00f3n recopilada autom\u00e1ticamente: Recogemos cierta informaci\u00f3n autom\u00e1ticamente cuando visitas nuestro sitio, incluyendo tu direcci\u00f3n IP, tipo de navegador, ubicaci\u00f3n, y c\u00f3mo interact\u00faas con nuestro sitio, mediante el uso de cookies y tecnolog\u00edas similares.<\/span><\/li>\n<\/ul>\n<h4><span style=\"font-weight: 400;\">2. Uso de la informaci\u00f3n<\/span><\/h4>\n<p><span style=\"font-weight: 400;\">La informaci\u00f3n recopilada se utiliza para:<\/span><\/p>\n<ul>\n<li style=\"font-weight: 400;\" aria-level=\"1\"><span style=\"font-weight: 400;\">Procesar transacciones y entregas de libros digitales.<\/span><\/li>\n<li style=\"font-weight: 400;\" aria-level=\"1\"><span style=\"font-weight: 400;\">Comunicarnos contigo sobre tu cuenta o transacciones.<\/span><\/li>\n<li style=\"font-weight: 400;\" aria-level=\"1\"><span style=\"font-weight: 400;\">Mejorar y personalizar tu experiencia en nuestra plataforma.<\/span><\/li>\n<li style=\"font-weight: 400;\" aria-level=\"1\"><span style=\"font-weight: 400;\">Cumplir con obligaciones legales y resolver disputas.<\/span><\/li>\n<\/ul>\n<h4><span style=\"font-weight: 400;\">3. Compartir informaci\u00f3n con terceros<\/span><\/h4>\n<p><span style=\"font-weight: 400;\">No vendemos ni compartimos tu informaci\u00f3n personal con terceros, excepto para proveer los servicios solicitados (como procesamiento de pagos), cumplir con la ley, o proteger nuestros derechos.<\/span><\/p>\n<h4><span style=\"font-weight: 400;\">4. Seguridad<\/span><\/h4>\n<p><span style=\"font-weight: 400;\">Implementamos medidas de seguridad t\u00e9cnicas y organizativas para proteger tu informaci\u00f3n personal contra el acceso no autorizado, la alteraci\u00f3n, la divulgaci\u00f3n o la destrucci\u00f3n.<\/span><\/p>\n<h4><span style=\"font-weight: 400;\">5. Tus derechos<\/span><\/h4>\n<p><span style=\"font-weight: 400;\">Puedes acceder, corregir, eliminar o limitar el uso de tu informaci\u00f3n personal contactando a contacto@tintaventura.com. Dependiendo de tu ubicaci\u00f3n, puedes tener derechos adicionales seg\u00fan la legislaci\u00f3n local.<\/span><\/p>\n<h4><span style=\"font-weight: 400;\">6. Cambios a la pol\u00edtica de privacidad<\/span><\/h4>\n<p><span style=\"font-weight: 400;\">Nos reservamos el derecho de modificar esta pol\u00edtica de privacidad en cualquier momento. Los cambios entrar\u00e1n en vigor inmediatamente despu\u00e9s de su publicaci\u00f3n en el sitio. Te recomendamos revisar peri\u00f3dicamente esta p\u00e1gina para estar informado sobre cualquier cambio.<\/span><\/p>\n<h4><span style=\"font-weight: 400;\">Contacto<\/span><\/h4>\n<p><span style=\"font-weight: 400;\">Si tienes preguntas sobre esta pol\u00edtica de privacidad, por favor cont\u00e1ctanos en contacto@tintaventura.com.<\/span><\/p>\n<\/div><\/div><\/div><\/div><\/div><\/div><\/div><\/div>","protected":false},"excerpt":{"rendered":"","protected":false},"author":1,"featured_media":0,"parent":0,"menu_order":0,"comment_status":"closed","ping_status":"closed","template":"","meta":{"inline_featured_image":false,"footnotes":""},"wf_page_folders":[323],"class_list":["post-1507","page","type-page","status-publish"],"yoast_head":"<!-- This site is optimized with the Yoast SEO plugin v22.3 - https:\/\/yoast.com\/wordpress\/plugins\/seo\/ -->\n<title>Pol\u00edtica de Privacidad - Tintaventura Editorial<\/title>\n<meta name=\"robots\" content=\"index, follow, max-snippet:-1, max-image-preview:large, max-video-preview:-1\" \/>\n<link rel=\"canonical\" href=\"https:\/\/tintaventura.com\/flash\/politica-de-privacidad\/\" \/>\n<meta property=\"og:locale\" content=\"es_ES\" \/>\n<meta property=\"og:type\" content=\"article\" \/>\n<meta property=\"og:title\" content=\"Pol\u00edtica de Privacidad - Tintaventura Editorial\" \/>\n<meta property=\"og:url\" content=\"https:\/\/tintaventura.com\/flash\/politica-de-privacidad\/\" \/>\n<meta property=\"og:site_name\" content=\"Tintaventura Editorial\" \/>\n<meta property=\"article:modified_time\" content=\"2024-03-22T00:33:03+00:00\" \/>\n<meta name=\"twitter:card\" content=\"summary_large_image\" \/>\n<meta name=\"twitter:label1\" content=\"Tiempo de lectura\" \/>\n\t<meta name=\"twitter:data1\" content=\"3 minutos\" \/>\n<script type=\"application\/ld+json\" class=\"yoast-schema-graph\">{\"@context\":\"https:\/\/schema.org\",\"@graph\":[{\"@type\":\"WebPage\",\"@id\":\"https:\/\/tintaventura.com\/flash\/politica-de-privacidad\/\",\"url\":\"https:\/\/tintaventura.com\/flash\/politica-de-privacidad\/\",\"name\":\"Pol\u00edtica de Privacidad - Tintaventura Editorial\",\"isPartOf\":{\"@id\":\"https:\/\/tintaventura.com\/flash\/#website\"},\"datePublished\":\"2024-03-15T03:43:49+00:00\",\"dateModified\":\"2024-03-22T00:33:03+00:00\",\"breadcrumb\":{\"@id\":\"https:\/\/tintaventura.com\/flash\/politica-de-privacidad\/#breadcrumb\"},\"inLanguage\":\"es\",\"potentialAction\":[{\"@type\":\"ReadAction\",\"target\":[\"https:\/\/tintaventura.com\/flash\/politica-de-privacidad\/\"]}]},{\"@type\":\"BreadcrumbList\",\"@id\":\"https:\/\/tintaventura.com\/flash\/politica-de-privacidad\/#breadcrumb\",\"itemListElement\":[{\"@type\":\"ListItem\",\"position\":1,\"name\":\"Portada\",\"item\":\"https:\/\/tintaventura.com\/flash\/\"},{\"@type\":\"ListItem\",\"position\":2,\"name\":\"Pol\u00edtica de Privacidad\"}]},{\"@type\":\"WebSite\",\"@id\":\"https:\/\/tintaventura.com\/flash\/#website\",\"url\":\"https:\/\/tintaventura.com\/flash\/\",\"name\":\"Tintaventura Editorial\",\"description\":\"\",\"potentialAction\":[{\"@type\":\"SearchAction\",\"target\":{\"@type\":\"EntryPoint\",\"urlTemplate\":\"https:\/\/tintaventura.com\/flash\/?s={search_term_string}\"},\"query-input\":\"required name=search_term_string\"}],\"inLanguage\":\"es\"}]}<\/script>\n<!-- \/ Yoast SEO plugin. -->","yoast_head_json":{"title":"Pol\u00edtica de Privacidad - Tintaventura Editorial","robots":{"index":"index","follow":"follow","max-snippet":"max-snippet:-1","max-image-preview":"max-image-preview:large","max-video-preview":"max-video-preview:-1"},"canonical":"https:\/\/tintaventura.com\/flash\/politica-de-privacidad\/","og_locale":"es_ES","og_type":"article","og_title":"Pol\u00edtica de Privacidad - Tintaventura Editorial","og_url":"https:\/\/tintaventura.com\/flash\/politica-de-privacidad\/","og_site_name":"Tintaventura Editorial","article_modified_time":"2024-03-22T00:33:03+00:00","twitter_card":"summary_large_image","twitter_misc":{"Tiempo de lectura":"3 minutos"},"schema":{"@context":"https:\/\/schema.org","@graph":[{"@type":"WebPage","@id":"https:\/\/tintaventura.com\/flash\/politica-de-privacidad\/","url":"https:\/\/tintaventura.com\/flash\/politica-de-privacidad\/","name":"Pol\u00edtica de Privacidad - Tintaventura Editorial","isPartOf":{"@id":"https:\/\/tintaventura.com\/flash\/#website"},"datePublished":"2024-03-15T03:43:49+00:00","dateModified":"2024-03-22T00:33:03+00:00","breadcrumb":{"@id":"https:\/\/tintaventura.com\/flash\/politica-de-privacidad\/#breadcrumb"},"inLanguage":"es","potentialAction":[{"@type":"ReadAction","target":["https:\/\/tintaventura.com\/flash\/politica-de-privacidad\/"]}]},{"@type":"BreadcrumbList","@id":"https:\/\/tintaventura.com\/flash\/politica-de-privacidad\/#breadcrumb","itemListElement":[{"@type":"ListItem","position":1,"name":"Portada","item":"https:\/\/tintaventura.com\/flash\/"},{"@type":"ListItem","position":2,"name":"Pol\u00edtica de Privacidad"}]},{"@type":"WebSite","@id":"https:\/\/tintaventura.com\/flash\/#website","url":"https:\/\/tintaventura.com\/flash\/","name":"Tintaventura Editorial","description":"","potentialAction":[{"@type":"SearchAction","target":{"@type":"EntryPoint","urlTemplate":"https:\/\/tintaventura.com\/flash\/?s={search_term_string}"},"query-input":"required name=search_term_string"}],"inLanguage":"es"}]}},"_links":{"self":[{"href":"https:\/\/tintaventura.com\/flash\/wp-json\/wp\/v2\/pages\/1507"}],"collection":[{"href":"https:\/\/tintaventura.com\/flash\/wp-json\/wp\/v2\/pages"}],"about":[{"href":"https:\/\/tintaventura.com\/flash\/wp-json\/wp\/v2\/types\/page"}],"author":[{"embeddable":true,"href":"https:\/\/tintaventura.com\/flash\/wp-json\/wp\/v2\/users\/1"}],"replies":[{"embeddable":true,"href":"https:\/\/tintaventura.com\/flash\/wp-json\/wp\/v2\/comments?post=1507"}],"version-history":[{"count":3,"href":"https:\/\/tintaventura.com\/flash\/wp-json\/wp\/v2\/pages\/1507\/revisions"}],"predecessor-version":[{"id":1515,"href":"https:\/\/tintaventura.com\/flash\/wp-json\/wp\/v2\/pages\/1507\/revisions\/1515"}],"wp:attachment":[{"href":"https:\/\/tintaventura.com\/flash\/wp-json\/wp\/v2\/media?parent=1507"}],"wp:term":[{"taxonomy":"wf_page_folders","embeddable":true,"href":"https:\/\/tintaventura.com\/flash\/wp-json\/wp\/v2\/wf_page_folders?post=1507"}],"curies":[{"name":"wp","href":"https:\/\/api.w.org\/{rel}","templated":true}]}}